{"id":691,"date":"2012-03-17T14:57:23","date_gmt":"2012-03-17T14:57:23","guid":{"rendered":"http:\/\/nerdizin.org\/?page_id=691"},"modified":"2015-08-30T09:01:08","modified_gmt":"2015-08-30T09:01:08","slug":"musik","status":"publish","type":"page","link":"http:\/\/nerdizin.org\/?page_id=691","title":{"rendered":"Musik"},"content":{"rendered":"<p style=\"text-align: left;\"><strong><span style=\"text-decoration: underline;\">Carcosa<\/span><\/strong><\/p>\n<p style=\"text-align: left;\">Carcosa ist meine Ein-Mann-Doom-Kapelle, alles etwas st\u00fcmperhaft aber zu gut um es nicht zu ver\u00f6ffentlichen ;-) Es sind reine Instrumentalst\u00fccke, mit Gitarren und elektronischem Schlagzeug. Allerdings schreibe ich die meisten mit imagin\u00e4rem Gesang und teils mit Lyrics (siehe weiter unten), in der Hoffnung das Zeug irgendwann vielleicht doch noch mit einer echten Band zu zocken.<\/p>\n<p style=\"text-align: left;\"><strong>Carcosa &#8211; Endtropy<\/strong><\/p>\n<p style=\"text-align: left;\"><a href=\"http:\/\/nerdizin.org\/wp\/wp-content\/uploads\/2012\/03\/carcosa_endtropy.jpg\"><img loading=\"lazy\" decoding=\"async\" class=\"size-full wp-image-2127 alignnone\" style=\"margin: 0px;\" src=\"http:\/\/nerdizin.org\/wp\/wp-content\/uploads\/2012\/03\/carcosa_endtropy.jpg\" alt=\"Carcosa Endtropy\" width=\"300\" height=\"300\" srcset=\"http:\/\/nerdizin.org\/wp\/wp-content\/uploads\/2012\/03\/carcosa_endtropy.jpg 300w, http:\/\/nerdizin.org\/wp\/wp-content\/uploads\/2012\/03\/carcosa_endtropy-150x150.jpg 150w\" sizes=\"auto, (max-width: 300px) 100vw, 300px\" \/><\/a><\/p>\n<ul>\n<li><a href=\"http:\/\/www.nerdizin.org\/wp\/music\/01%20Harsh%20Land.mp3\">Harsh Land<\/a><\/li>\n<li><a title=\"A Solemn Vow\" href=\"http:\/\/www.nerdizin.org\/wp\/music\/02%20A%20Solemn%20Vow.mp3\">A Solemn Vow<\/a><\/li>\n<li><a title=\"Straight to Dystopia\" href=\"http:\/\/www.nerdizin.org\/wp\/music\/03%20Straight%20to%20Dystopia.mp3\">Straight to Dystopia<\/a><\/li>\n<\/ul>\n<p style=\"text-align: justify;\"><strong>Carcosa &#8211; Altering Fate<\/strong><\/p>\n<p style=\"text-align: justify;\"><a href=\"http:\/\/nerdizin.org\/wp\/wp-content\/uploads\/2012\/03\/carcosa_altering_fate.jpg\"><img loading=\"lazy\" decoding=\"async\" class=\"size-full wp-image-1057 alignnone\" title=\"Carcosa - Altering Fate\" src=\"http:\/\/nerdizin.org\/wp\/wp-content\/uploads\/2012\/03\/carcosa_altering_fate.jpg\" alt=\"\" width=\"300\" height=\"300\" srcset=\"http:\/\/nerdizin.org\/wp\/wp-content\/uploads\/2012\/03\/carcosa_altering_fate.jpg 300w, http:\/\/nerdizin.org\/wp\/wp-content\/uploads\/2012\/03\/carcosa_altering_fate-150x150.jpg 150w\" sizes=\"auto, (max-width: 300px) 100vw, 300px\" \/><\/a><\/p>\n<ul style=\"text-align: justify;\">\n<li style=\"text-align: justify;\"><a href=\"http:\/\/www.nerdizin.org\/wp\/music\/01%20Sorcery.mp3\">Sorcery<\/a><\/li>\n<li style=\"text-align: justify;\"><a title=\"Sunken Paradise\" href=\"http:\/\/www.nerdizin.org\/wp\/music\/02%20Sunken%20Paradise.mp3\">Sunken Paradise<\/a><\/li>\n<li style=\"text-align: justify;\"><a title=\"All those wasted years\" href=\"http:\/\/www.nerdizin.org\/wp\/music\/03%20All%20those%20wasted%20years.mp3\">All those wasted Years<\/a><\/li>\n<li style=\"text-align: justify;\"><a title=\"Souldump\" href=\"http:\/\/www.nerdizin.org\/wp\/music\/04%20Souldump.mp3\">Souldump<\/a><\/li>\n<li style=\"text-align: justify;\"><a title=\"Smoking Ruins\" href=\"http:\/\/www.nerdizin.org\/wp\/music\/05%20Smoking%20Ruins.mp3\">Smoking Ruins<\/a><\/li>\n<li style=\"text-align: justify;\"><a title=\"Altering Fate\" href=\"http:\/\/www.nerdizin.org\/wp\/music\/06%20Altering%20Fate.mp3\">Altering Fate<\/a><\/li>\n<\/ul>\n<p style=\"text-align: justify;\"><strong>Carcosa &#8211; The things i wouldn&#8217;t tell them<\/strong><\/p>\n<p style=\"text-align: justify;\"><a href=\"http:\/\/nerdizin.org\/wp\/wp-content\/uploads\/2012\/03\/carcosa_things.jpg\"><img loading=\"lazy\" decoding=\"async\" class=\"alignnone\" title=\"carcosa - the things i wouldn't tell them\" src=\"http:\/\/nerdizin.org\/wp\/wp-content\/uploads\/2012\/03\/carcosa_things.jpg\" alt=\"\" width=\"300\" height=\"300\" \/><\/a><\/p>\n<ul style=\"text-align: justify;\">\n<li><a title=\"01 Invitation\" href=\"http:\/\/www.nerdizin.org\/wp\/music\/01%20Invitation.mp3\">Invitation<\/a><\/li>\n<li><a title=\"Bakterion\" href=\"http:\/\/www.nerdizin.org\/wp\/music\/02%20Bakterion.mp3\">Bakterion<\/a><\/li>\n<li><a title=\"03 Serpent Sun\" href=\"http:\/\/www.nerdizin.org\/wp\/music\/03%20Serpent%20sun.mp3\">Serpent Sun<\/a><\/li>\n<li><a title=\"The things i wouldn't tell them\" href=\"http:\/\/www.nerdizin.org\/wp\/music\/04%20The%20things%20i%20wouldn%27t%20tell%20them.mp3\">The things i wouldn&#8217;t tell them<\/a><\/li>\n<\/ul>\n<p><strong><span style=\"text-decoration: underline;\">Bonedance<\/span><\/strong><\/p>\n<p>Unter Bondedance spiele ich alles was zu fr\u00f6hlich oder zu punkig f\u00fcr Carcosa ist.<\/p>\n<p><strong>Bonedance &#8211; Bonedance<\/strong><\/p>\n<p><a href=\"http:\/\/nerdizin.org\/wp\/wp-content\/uploads\/2012\/03\/bonedance.jpg\"><img loading=\"lazy\" decoding=\"async\" class=\"wp-image-1741 alignnone\" src=\"http:\/\/nerdizin.org\/wp\/wp-content\/uploads\/2012\/03\/bonedance.jpg\" alt=\"bonedance\" width=\"300\" height=\"300\" srcset=\"http:\/\/nerdizin.org\/wp\/wp-content\/uploads\/2012\/03\/bonedance.jpg 350w, http:\/\/nerdizin.org\/wp\/wp-content\/uploads\/2012\/03\/bonedance-150x150.jpg 150w, http:\/\/nerdizin.org\/wp\/wp-content\/uploads\/2012\/03\/bonedance-300x300.jpg 300w\" sizes=\"auto, (max-width: 300px) 100vw, 300px\" \/><\/a><\/p>\n<ul>\n<li><a title=\"King without a Crown\" href=\"http:\/\/www.nerdizin.org\/wp\/music\/01%20King%20without%20a%20Crown.mp3\">King without a Crown<\/a><\/li>\n<li><a title=\"Closest thing to a Lovesong\" href=\"http:\/\/www.nerdizin.org\/wp\/music\/02%20Closest%20thing%20to%20a%20Lovesong.mp3\">Closest thing to a Lovesong<\/a><\/li>\n<li><a title=\"More than I can take\" href=\"http:\/\/www.nerdizin.org\/wp\/music\/03%20More%20than%20I%20can%20take.mp3\">More than I can take<\/a><\/li>\n<li><a title=\"Coming Home\" href=\"http:\/\/www.nerdizin.org\/wp\/music\/04%20Coming%20Home.mp3\">Coming Home<\/a><\/li>\n<li><a title=\"Promises\" href=\"http:\/\/www.nerdizin.org\/wp\/music\/05%20Promises.mp3\">Promises<\/a><\/li>\n<li><a title=\"Optiminimalism\" href=\"http:\/\/www.nerdizin.org\/wp\/music\/06%20Optiminimalism.mp3\">Optiminimalism<\/a><\/li>\n<li><a href=\"http:\/\/www.nerdizin.org\/wp\/music\/07%20Melting%20Braincells.mp3\">Melting Braincells<\/a><\/li>\n<\/ul>\n<h2><span style=\"text-decoration: underline;\">Lyrics:<\/span><\/h2>\n<p>A Solemn Vow<\/p>\n<pre>With the full moon came the flood\r\nand the oceans foamed with blood\r\n\r\nLighting struck and thunder rolled\r\nlike the ancients once foretold\r\n\r\nThe sky was filled with crimson clouds\r\nAs I took my solemn vow\r\nAnd all the mountains crumbled down\r\nAs I took my solemn vow\r\n\r\nThe earth it shook and groaned in pain\r\nThe heavens cried fiery rain\r\n\r\nAll the demons sung my name\r\nAnd all the angels burst in flames\r\n\r\nThe sky was filled with crimson clouds\r\nAs I took my solemn vow\r\nAnd all the mountains crumbled down\r\nAs I took my solemn vow<\/pre>\n<p style=\"text-align: justify;\"><a href=\"http:\/\/creativecommons.org\/licenses\/by-nc\/3.0\/\" rel=\"license\"><img decoding=\"async\" style=\"border-width: 0;\" src=\"http:\/\/i.creativecommons.org\/l\/by-nc\/3.0\/88x31.png\" alt=\"Creative Commons Lizenzvertrag\" \/><\/a><br \/>\nCarcosa &#8211; Endtropy, Carcosa &#8211; The things i wouldn&#8217;t tell them, Carcosa &#8211; Altering Fate und Bonedance &#8211; Bonedance stehen alle unter einer <a href=\"http:\/\/creativecommons.org\/licenses\/by-nc\/3.0\/\" rel=\"license\">Creative Commons Namensnennung-Nicht-kommerziell 3.0 Unported Lizenz<\/a>.<\/p>\n","protected":false},"excerpt":{"rendered":"<p>Carcosa Carcosa ist meine Ein-Mann-Doom-Kapelle, alles etwas st\u00fcmperhaft aber zu gut um es nicht zu ver\u00f6ffentlichen ;-) Es sind reine Instrumentalst\u00fccke, mit Gitarren und elektronischem Schlagzeug. Allerdings schreibe ich die meisten mit imagin\u00e4rem Gesang und teils mit Lyrics (siehe weiter &hellip; <a href=\"http:\/\/nerdizin.org\/?page_id=691\">Weiterlesen <span class=\"meta-nav\">&rarr;<\/span><\/a><\/p>\n","protected":false},"author":2,"featured_media":0,"parent":0,"menu_order":2,"comment_status":"closed","ping_status":"closed","template":"","meta":{"footnotes":""},"class_list":["post-691","page","type-page","status-publish","hentry"],"_links":{"self":[{"href":"http:\/\/nerdizin.org\/index.php?rest_route=\/wp\/v2\/pages\/691","targetHints":{"allow":["GET"]}}],"collection":[{"href":"http:\/\/nerdizin.org\/index.php?rest_route=\/wp\/v2\/pages"}],"about":[{"href":"http:\/\/nerdizin.org\/index.php?rest_route=\/wp\/v2\/types\/page"}],"author":[{"embeddable":true,"href":"http:\/\/nerdizin.org\/index.php?rest_route=\/wp\/v2\/users\/2"}],"replies":[{"embeddable":true,"href":"http:\/\/nerdizin.org\/index.php?rest_route=%2Fwp%2Fv2%2Fcomments&post=691"}],"version-history":[{"count":56,"href":"http:\/\/nerdizin.org\/index.php?rest_route=\/wp\/v2\/pages\/691\/revisions"}],"predecessor-version":[{"id":3138,"href":"http:\/\/nerdizin.org\/index.php?rest_route=\/wp\/v2\/pages\/691\/revisions\/3138"}],"wp:attachment":[{"href":"http:\/\/nerdizin.org\/index.php?rest_route=%2Fwp%2Fv2%2Fmedia&parent=691"}],"curies":[{"name":"wp","href":"https:\/\/api.w.org\/{rel}","templated":true}]}}