{"id":10,"date":"2011-09-19T08:24:21","date_gmt":"2011-09-19T08:24:21","guid":{"rendered":"http:\/\/nerdizin.org\/wp\/?page_id=10"},"modified":"2011-10-08T17:30:29","modified_gmt":"2011-10-08T17:30:29","slug":"nerdizin","status":"publish","type":"page","link":"https:\/\/nerdizin.org\/?page_id=10","title":{"rendered":"Nerdizin ?"},"content":{"rendered":"<p>Was ist das Nerdizin ?<\/p>\n<p>Das Nerdizin ist ein Blog, der Name setzt sich aus Nerd und Magazin zusammen. Inhaltlich geht es um alles was dem Nerd gef\u00e4llt. Es gab das Nerdizin schon einmal, damals lag der Fokus aber mehr auf Onlinespielen wie zB. das Abenteuer, eine Art interaktives Abenteuerspielbuch wie etwa &#8222;Einsamer Wolf&#8220;. Man k\u00f6nnte sagen dass mir damals das Programmieren wichtiger war als die Inhalte. Die Motivation das Ganze wieder aufleben zu lassen, ist nat\u00fcrlich wie bei jedem anderen Blogger auch: reich und ber\u00fchmt zu werden ! Ausserdem ist die Bloggerei ein vortrefflicher Vorwand sich mit allerlei Nerdkram einzudecken.<\/p>\n<p>Warum das Pseudonym ?<\/p>\n<p>Ich nenne mich schon etwa 20 Jahre lang scorn, Namensgeber ist eine Ambient Band die ich allerdings nicht besonders gut fand, allein der Klang des Namens hatte es mir angetan. Eigentlich heisse ich Ralf, ist ja kein gro\u00dfes Geheimnis, es gen\u00fcgt das Impressum oder den Whois Eintrag anzusehen. Dennoch finde ich die Halbanonymit\u00e4t n\u00fctzlich, weil die Ansichten meines Alter Egos sich nicht zu 100% mit meinen decken und ich im Zweifelsfall immer behaupten kann da\u00df scorn schuld ist und ich ja eigentlich ganz anderer Meinung bin ;-)<\/p>\n<p>Warum keine Kommentarfunktion ?<\/p>\n<p>Meiner Erfahrung nach ist es eher selten, da\u00df Kommentare in Blogs zu Erkenntnisgewinn f\u00fchren. Vielmehr ist der Mitmachbereich vornehmlich ein Ort der Trollerei und des gepflegten Zwists. Und das wiederstrebt einfach meinem Harmoniebed\u00fcrfnis. Wer mir etwas mitteilen will kann das sehr gerne via Email tun: scorn [at] nerdizin [punkt] org.<\/p>\n","protected":false},"excerpt":{"rendered":"<p>Was ist das Nerdizin ? Das Nerdizin ist ein Blog, der Name setzt sich aus Nerd und Magazin zusammen. Inhaltlich geht es um alles was dem Nerd gef\u00e4llt. Es gab das Nerdizin schon einmal, damals lag der Fokus aber mehr &hellip; <a href=\"https:\/\/nerdizin.org\/?page_id=10\">Weiterlesen <span class=\"meta-nav\">&rarr;<\/span><\/a><\/p>\n","protected":false},"author":1,"featured_media":0,"parent":0,"menu_order":1,"comment_status":"closed","ping_status":"closed","template":"","meta":{"footnotes":""},"class_list":["post-10","page","type-page","status-publish","hentry"],"_links":{"self":[{"href":"https:\/\/nerdizin.org\/index.php?rest_route=\/wp\/v2\/pages\/10","targetHints":{"allow":["GET"]}}],"collection":[{"href":"https:\/\/nerdizin.org\/index.php?rest_route=\/wp\/v2\/pages"}],"about":[{"href":"https:\/\/nerdizin.org\/index.php?rest_route=\/wp\/v2\/types\/page"}],"author":[{"embeddable":true,"href":"https:\/\/nerdizin.org\/index.php?rest_route=\/wp\/v2\/users\/1"}],"replies":[{"embeddable":true,"href":"https:\/\/nerdizin.org\/index.php?rest_route=%2Fwp%2Fv2%2Fcomments&post=10"}],"version-history":[{"count":9,"href":"https:\/\/nerdizin.org\/index.php?rest_route=\/wp\/v2\/pages\/10\/revisions"}],"predecessor-version":[{"id":137,"href":"https:\/\/nerdizin.org\/index.php?rest_route=\/wp\/v2\/pages\/10\/revisions\/137"}],"wp:attachment":[{"href":"https:\/\/nerdizin.org\/index.php?rest_route=%2Fwp%2Fv2%2Fmedia&parent=10"}],"curies":[{"name":"wp","href":"https:\/\/api.w.org\/{rel}","templated":true}]}}